{"id":8,"date":"2020-02-09T11:44:43","date_gmt":"2020-02-09T10:44:43","guid":{"rendered":"https:\/\/www.pfabigan.net\/fotoblog\/?page_id=8"},"modified":"2023-05-24T19:19:02","modified_gmt":"2023-05-24T17:19:02","slug":"ueber-mich","status":"publish","type":"page","link":"https:\/\/www.pfabigan.net\/fotoblog\/ueber-mich\/","title":{"rendered":"\u00dcber mich"},"content":{"rendered":"\n<figure class=\"wp-block-image size-large\"><img loading=\"lazy\" decoding=\"async\" width=\"800\" height=\"532\" src=\"https:\/\/www.pfabigan.net\/fotoblog\/wp-content\/uploads\/GeraldPfabigan.jpg\" alt=\"\" class=\"wp-image-35\" srcset=\"https:\/\/www.pfabigan.net\/fotoblog\/wp-content\/uploads\/GeraldPfabigan.jpg 800w, https:\/\/www.pfabigan.net\/fotoblog\/wp-content\/uploads\/GeraldPfabigan-300x200.jpg 300w, https:\/\/www.pfabigan.net\/fotoblog\/wp-content\/uploads\/GeraldPfabigan-768x511.jpg 768w\" sizes=\"(max-width: 800px) 100vw, 800px\" \/><\/figure>\n\n\n\n<p>Ich hei\u00dfe Gerald Pfabigan und wohne im nord\u00f6stlichen Waldviertel, nahe an der Grenze zu Tschechien.<\/p>\n\n\n\n<p>Fotografieren geh\u00f6rt zu meinen Interessen: Sei es in der\u00a0<a href=\"http:\/\/www.pfabigan.info\/fotoblog\/?page_id=45\">Natur<\/a>, bei\u00a0<a href=\"http:\/\/www.pfabigan.info\/fotoblog\/?page_id=41\">Veranstaltungen<\/a>\u00a0oder auf\u00a0<a href=\"http:\/\/www.pfabigan.info\/fotoblog\/?page_id=53\">Reisen<\/a>, die Kamera ist immer ein treuer Begleiter. Mein erworbenes Wissen zu digitaler Fotografie\/Bildbearbeitung und Erstellung von Videos gebe ich in\u00a0<a href=\"http:\/\/www.pfabigan.info\/fotoblog\/?page_id=277\">Kursen und Workshops<\/a>\u00a0weiter.<\/p>\n\n\n\n<p>Nach M\u00f6glichkeit besuche ich diverse Sportveranstaltungen vor allem in \u00d6sterreich und halte dort neben den Athleten auch das \u201eDrum-Herum\u201c fest, n\u00e4mlich\u00a0<strong>action.motion.emotions.<\/strong><\/p>\n","protected":false},"excerpt":{"rendered":"<p>Ich hei\u00dfe Gerald Pfabigan und wohne im nord\u00f6stlichen Waldviertel, nahe an der Grenze zu Tschechien. Fotografieren geh\u00f6rt zu meinen Interessen: Sei es in der\u00a0Natur, bei\u00a0Veranstaltungen\u00a0oder auf\u00a0Reisen, die Kamera ist immer ein treuer Begleiter. Mein erworbenes Wissen zu digitaler Fotografie\/Bildbearbeitung und Erstellung von Videos gebe ich in\u00a0Kursen und Workshops\u00a0weiter. Nach M\u00f6glichkeit besuche ich diverse Sportveranstaltungen vor [&hellip;]<\/p>\n","protected":false},"author":1,"featured_media":0,"parent":0,"menu_order":0,"comment_status":"closed","ping_status":"closed","template":"","meta":{"footnotes":""},"_links":{"self":[{"href":"https:\/\/www.pfabigan.net\/fotoblog\/wp-json\/wp\/v2\/pages\/8"}],"collection":[{"href":"https:\/\/www.pfabigan.net\/fotoblog\/wp-json\/wp\/v2\/pages"}],"about":[{"href":"https:\/\/www.pfabigan.net\/fotoblog\/wp-json\/wp\/v2\/types\/page"}],"author":[{"embeddable":true,"href":"https:\/\/www.pfabigan.net\/fotoblog\/wp-json\/wp\/v2\/users\/1"}],"replies":[{"embeddable":true,"href":"https:\/\/www.pfabigan.net\/fotoblog\/wp-json\/wp\/v2\/comments?post=8"}],"version-history":[{"count":3,"href":"https:\/\/www.pfabigan.net\/fotoblog\/wp-json\/wp\/v2\/pages\/8\/revisions"}],"predecessor-version":[{"id":70,"href":"https:\/\/www.pfabigan.net\/fotoblog\/wp-json\/wp\/v2\/pages\/8\/revisions\/70"}],"wp:attachment":[{"href":"https:\/\/www.pfabigan.net\/fotoblog\/wp-json\/wp\/v2\/media?parent=8"}],"curies":[{"name":"wp","href":"https:\/\/api.w.org\/{rel}","templated":true}]}}