{"id":3,"date":"2020-02-09T09:52:37","date_gmt":"2020-02-09T08:52:37","guid":{"rendered":"https:\/\/www.pfabigan.net\/fotoblog\/datenschutzerklaerung\/"},"modified":"2020-02-09T11:53:55","modified_gmt":"2020-02-09T10:53:55","slug":"datenschutzerklaerung","status":"publish","type":"page","link":"https:\/\/www.pfabigan.net\/fotoblog\/datenschutzerklaerung\/","title":{"rendered":"Datenschutzerkl\u00e4rung"},"content":{"rendered":"\n<p>Wir m\u00f6chten Sie nachstehend \u00fcber die Verarbeitung Ihrer personenbezogenen Daten im Zusammenhang mit dem Besuch unserer Website informieren:<\/p>\n\n\n\n<p><strong>1. Zweck der Datenverarbeitung und Rechtsgrundlage<br><\/strong>Wenn Sie per Formular auf der Website oder per E-Mail Kontakt mit uns aufnehmen, werden Ihre Daten und Ihre Anfrage zwecks Bearbeitung der Anfrage und f\u00fcr den Fall von Anschlussfragen gespeichert. Diese Daten werden von uns nach 6 Monaten gel\u00f6scht, sollten sie nicht in einem Vertrag m\u00fcnden und die darauf folgende Datenverarbeitung er\u00f6ffnen.<\/p>\n\n\n\n<p><strong>2. \u00dcbermittlung Ihrer Daten<br><\/strong>Ihre Daten werden von uns mit gr\u00f6\u00dfter Sorgfalt behandelt. Eine \u00dcbermittlung Ihrer Daten findet nur soweit statt, als dies zur Aufrechterhaltung der elektronischen Dienste (IT-Provider) notwendig ist.<\/p>\n\n\n\n<p><strong>3. Ihre Rechte<br><\/strong>Im Zusammenhang mit der Verarbeitung Ihrer Daten verf\u00fcgen Sie jederzeit \u00fcber die Rechte auf<br>\u2013 Auskunft<br>\u2013 Berichtigung<br>\u2013 L\u00f6schung (\u201eRecht auf Vergessenwerden\u201c)<br>\u2013 Einschr\u00e4nkung der Verarbeitung<br>\u2013 Daten\u00fcbertragbarkeit<br>\u2013 Widerspruch bzw<br>\u2013 Widerruf (bei Einwilligung) und<br>\u2013 Beschwerde bei der Datenschutzbeh\u00f6rde<\/p>\n\n\n\n<p><strong>4. Kontaktdaten<br><\/strong>Bei Fragen oder Anliegen wenden Sie sich bitte an uns!<br> Ing. Gerald Pfabigan<br>Schaditz 10<br>A-3824 Gro\u00dfau<br>Mail: <a href=\"mailto:datenschutz@pfabigan.net\">datenschutz@pfabigan.net<\/a><br><\/p>\n","protected":false},"excerpt":{"rendered":"<p>Wir m\u00f6chten Sie nachstehend \u00fcber die Verarbeitung Ihrer personenbezogenen Daten im Zusammenhang mit dem Besuch unserer Website informieren: 1. Zweck der Datenverarbeitung und RechtsgrundlageWenn Sie per Formular auf der Website oder per E-Mail Kontakt mit uns aufnehmen, werden Ihre Daten und Ihre Anfrage zwecks Bearbeitung der Anfrage und f\u00fcr den Fall von Anschlussfragen gespeichert. Diese [&hellip;]<\/p>\n","protected":false},"author":1,"featured_media":0,"parent":0,"menu_order":0,"comment_status":"closed","ping_status":"open","template":"","meta":{"footnotes":""},"_links":{"self":[{"href":"https:\/\/www.pfabigan.net\/fotoblog\/wp-json\/wp\/v2\/pages\/3"}],"collection":[{"href":"https:\/\/www.pfabigan.net\/fotoblog\/wp-json\/wp\/v2\/pages"}],"about":[{"href":"https:\/\/www.pfabigan.net\/fotoblog\/wp-json\/wp\/v2\/types\/page"}],"author":[{"embeddable":true,"href":"https:\/\/www.pfabigan.net\/fotoblog\/wp-json\/wp\/v2\/users\/1"}],"replies":[{"embeddable":true,"href":"https:\/\/www.pfabigan.net\/fotoblog\/wp-json\/wp\/v2\/comments?post=3"}],"version-history":[{"count":2,"href":"https:\/\/www.pfabigan.net\/fotoblog\/wp-json\/wp\/v2\/pages\/3\/revisions"}],"predecessor-version":[{"id":12,"href":"https:\/\/www.pfabigan.net\/fotoblog\/wp-json\/wp\/v2\/pages\/3\/revisions\/12"}],"wp:attachment":[{"href":"https:\/\/www.pfabigan.net\/fotoblog\/wp-json\/wp\/v2\/media?parent=3"}],"curies":[{"name":"wp","href":"https:\/\/api.w.org\/{rel}","templated":true}]}}